{"id":832,"date":"2023-01-03T12:57:56","date_gmt":"2023-01-03T11:57:56","guid":{"rendered":"https:\/\/spike.es\/?post_type=product&#038;p=832"},"modified":"2023-01-03T12:57:57","modified_gmt":"2023-01-03T11:57:57","slug":"80na-superflex","status":"publish","type":"product","link":"https:\/\/spike.es\/ca\/store\/guants\/nilo-nitril\/80na-superflex\/","title":{"rendered":"80NA-SuperFlex"},"content":{"rendered":"<p class=\"mt-2 mb-4\">Super-Flex SN-349-EN388: 4121<\/p>\n<div>\n<ul>\n<li>Guante en hilo continuo de Nylon. Recubrimiento de palma y punta de los dedos en nitrilo.<\/li>\n<li>Guante de excelente sensibilidad y \u00f3ptima resistencia mec\u00e1nica a la abrasi\u00f3n y al rasgado<\/li>\n<li>Embalados individualmente en blister<\/li>\n<li>Color: Gris<\/li>\n<li>Tallas: 7-8-9-10<\/li>\n<\/ul>\n<p>Formato: Paquetes de 12 pares. Cajas de 144 pares.<\/p>\n<\/div>\n","protected":false},"excerpt":{"rendered":"<p class=\"mt-2 mb-4\">Super-Flex SN-349-EN388: 4121<\/p>\n<div>\n<ul>\n<li>Guante en hilo continuo de Nylon. Recubrimiento de palma y punta de los dedos en nitrilo.<\/li>\n<li>Guante de excelente sensibilidad y \u00f3ptima resistencia mec\u00e1nica a la abrasi\u00f3n y al rasgado<\/li>\n<li>Embalados individualmente en blister<\/li>\n<li>Color: Gris<\/li>\n<li>Tallas: 7-8-9-10<\/li>\n<\/ul>\n<p>Formato: Paquetes de 12 pares. Cajas de 144 pares.<\/p>\n<\/div>\n","protected":false},"featured_media":833,"template":"","meta":{"_seopress_robots_primary_cat":"","_seopress_titles_title":"","_seopress_titles_desc":"","_seopress_robots_index":""},"product_brand":[],"product_cat":[61],"product_tag":[],"class_list":{"0":"post-832","1":"product","2":"type-product","3":"status-publish","4":"has-post-thumbnail","6":"product_cat-nylon-nitrilo","8":"first","9":"instock","10":"shipping-taxable","11":"product-type-simple"},"_links":{"self":[{"href":"https:\/\/spike.es\/ca\/wp-json\/wp\/v2\/product\/832","targetHints":{"allow":["GET"]}}],"collection":[{"href":"https:\/\/spike.es\/ca\/wp-json\/wp\/v2\/product"}],"about":[{"href":"https:\/\/spike.es\/ca\/wp-json\/wp\/v2\/types\/product"}],"wp:featuredmedia":[{"embeddable":true,"href":"https:\/\/spike.es\/ca\/wp-json\/wp\/v2\/media\/833"}],"wp:attachment":[{"href":"https:\/\/spike.es\/ca\/wp-json\/wp\/v2\/media?parent=832"}],"wp:term":[{"taxonomy":"product_brand","embeddable":true,"href":"https:\/\/spike.es\/ca\/wp-json\/wp\/v2\/product_brand?post=832"},{"taxonomy":"product_cat","embeddable":true,"href":"https:\/\/spike.es\/ca\/wp-json\/wp\/v2\/product_cat?post=832"},{"taxonomy":"product_tag","embeddable":true,"href":"https:\/\/spike.es\/ca\/wp-json\/wp\/v2\/product_tag?post=832"}],"curies":[{"name":"wp","href":"https:\/\/api.w.org\/{rel}","templated":true}]}}