{"id":265,"date":"2022-05-02T14:23:29","date_gmt":"2022-05-02T13:23:29","guid":{"rendered":"https:\/\/spike.es\/politica-de-privadesa-i-avis-legal\/"},"modified":"2023-04-12T09:36:11","modified_gmt":"2023-04-12T08:36:11","slug":"politica-de-privacitat-i-avis-legal","status":"publish","type":"page","link":"https:\/\/spike.es\/ca\/politica-de-privacitat-i-avis-legal\/","title":{"rendered":"Pol\u00edtica de privacitat i Av\u00eds legal"},"content":{"rendered":"<div class=\"wpb-content-wrapper\"><p>[vc_row][vc_column][vc_column_text]<\/p>\n<h2>I. POL\u00cdTICA DE PRIVACITAT<\/h2>\n<p>En compliment del REGLAMENT (UE) 2016\/679 DEL PARLAMENT EUROPEU I DEL CONSELL de 27 d&#8217;abril de 2016, relatiu a la protecci\u00f3 de les persones f\u00edsiques pel que fa al tractament de dades personals ia la lliure circulaci\u00f3 d&#8217;aquestes dades ia la Llei org\u00e0nica 3\/2018, de 5 de desembre, de Protecci\u00f3 de Dades Personals i garantia dels drets digitals, se us informa que les dades personals proporcionades per vost\u00e8 a trav\u00e9s del lloc web http:\/\/www.spike.es (d&#8217;ara endavant el lloc web), seran tractats en els seg\u00fcents termes:<\/p>\n<h3>RESPONSABLE DEL TRACTAMENT<\/h3>\n<p>Les dades personals demanades a trav\u00e9s d&#8217;aquest lloc web seran tractades per SPIKE, S.L., amb domicili per a l&#8217;exercici de drets a CL GUTENBERG, 26 LC \u2013 08754 EL PAPIOL (Barcelona). Email: spike@spike.es<\/p>\n<h3>FINALITATS DEL TRACTAMENT<\/h3>\n<p>Informar-vos sobre els nostres productes i serveis, quan aix\u00ed ho sol\u00b7licite a trav\u00e9s dels formularis del lloc web o per correu electr\u00f2nic.<br \/>\nDonar contestaci\u00f3 i gestionar les seves consultes, comentaris i suggeriments, si escau.<br \/>\nGestionar la seva participaci\u00f3 en presents i futurs processos de selecci\u00f3, quan ens faci arribar les dades (incl\u00f2s el seu curr\u00edculum) amb aquesta finalitat.<br \/>\nAmb la finalitat d&#8217;obtenir informaci\u00f3 de l&#8217;\u00fas del lloc web, s&#8217;analitzen el nombre de p\u00e0gines visitades, el nombre de visites, aix\u00ed com l&#8217;activitat dels visitants i la freq\u00fc\u00e8ncia d&#8217;utilitzaci\u00f3. A aquest efecte, el RESPONSABLE utilitza informaci\u00f3 estad\u00edstica elaborada pel prove\u00efdor de serveis d&#8217;Internet que no permet identificar l&#8217;interessat en cap moment.<\/p>\n<h3>LEGITIMACI\u00d3<\/h3>\n<p><strong>Consentiment.<\/strong> Les dades personals obtingudes a trav\u00e9s dels formularis del lloc web seran tractades \u00fanicament segons el consentiment atorgat per l&#8217;interessat, a trav\u00e9s de l&#8217;acceptaci\u00f3 de la casella disposada amb aquesta finalitat. Aquest consentiment es pot retirar en qualsevol moment.<\/p>\n<p><strong>Inter\u00e8s leg\u00edtim del responsable.<\/strong> La informaci\u00f3 estad\u00edstica obtinguda del lloc web ser\u00e0 tractada sobre la base de l&#8217;inter\u00e8s leg\u00edtim del responsable. Aquesta informaci\u00f3 no permet identificar lusuari.<\/p>\n<h3>DESTINATARIS<\/h3>\n<p>Les dades personals obtingudes a trav\u00e9s del lloc web no seran comunicades a tercers, excepte obligaci\u00f3 legal.<\/p>\n<h3>CONSERVACI\u00d3<\/h3>\n<p>Les dades personals facilitades per l&#8217;usuari per rebre comunicacions comercials, seran conservades mentre l&#8217;interessat no sol\u00b7licite la supressi\u00f3 o retiri el consentiment.<br \/>\nQuan l&#8217;usuari envi\u00ef les vostres dades personals per participar en processos de selecci\u00f3 del RESPONSABLE, les dades seran tractades per participar en aquests processos de selecci\u00f3, i si no fos seleccionat, es conservaran les seves dades personals durant un per\u00edode de dos anys per tal de poder comptar amb la participaci\u00f3 en futurs processos.<br \/>\nQuan l&#8217;usuari envi\u00ef les seves dades per contactar amb el RESPONSABLE, fer consultes o suggeriments, les dades es conservaran mentre sigui necessari per tal i puguin derivar-se responsabilitats del tractament. Dades de tr\u00e0nsit, estad\u00edstiques i visites web: les dades seran conservades durant el termini de tres anys.<\/p>\n<h3>DRETS<\/h3>\n<p>Podeu exercir els vostres drets d&#8217;acc\u00e9s, rectificaci\u00f3, supressi\u00f3 i portabilitat de les vostres dades, de limitaci\u00f3 i oposici\u00f3 al vostre tractament, mitjan\u00e7ant escrit acompanyat de document oficial que us identifiqui dirigit a CL GUTENBERG, 26 LC \u2013 08754 EL PAPIOL (Barcelona). Email: spike@spike.es. En cas de disconformitat amb el tractament, tamb\u00e9 teniu dret a presentar una reclamaci\u00f3 davant l&#8217;Ag\u00e8ncia Espanyola de Protecci\u00f3 de Dades (www.aepd.es).<\/p>\n<h3>POL\u00cdTICA DE PROTECCI\u00d3 DE MENORS<\/h3>\n<p>Qui facilita les dades a trav\u00e9s dels formularis d&#8217;aquesta web i n&#8217;accepta el tractament declara formalment ser major de 14 anys.<br \/>\nQueda prohibit l&#8217;acc\u00e9s i l&#8217;\u00fas del portal als menors de 14 anys.<br \/>\nEl RESPONSABLE recorda les persones grans que tinguin al seu c\u00e0rrec menors, que ser\u00e0 de la seva responsabilitat exclusiva si algun menor incorpora les seves dades per sol\u00b7licitar algun producte.<br \/>\nTamb\u00e9 els informa que hi ha programes inform\u00e0tics per acotar la navegaci\u00f3 mitjan\u00e7ant el filtre o bloqueig a determinats continguts.<\/p>\n<h3>TRACTAMENT DERIVAT DE L&#8217;\u00daS DE LES XARXES SOCIALS<\/h3>\n<p>En seguir el nostre perfil a les xarxes socials consent expressament el tractament de les seves dades personals conforme a la pol\u00edtica de privadesa de la corresponent xarxa social. Igualment, consenteix expressament l&#8217;acc\u00e9s del RESPONSABLE al tractament de les seves dades contingudes al seu perfil i que les not\u00edcies publicades sobre qualsevol producte del RESPONSABLE apareguin al seu mur. La seva petici\u00f3 per connectar implica necess\u00e0riament el seu consentiment per als tractaments assenyalats, i aquesta \u00e9s la base legal del tractament. Les dades es conservaran mentre l&#8217;interessat no sol\u00b7liciti la seva oposici\u00f3 o retiri el seu consentiment, i podr\u00e0 retirar-lo en qualsevol moment.<br \/>\nLa publicaci\u00f3 de comentaris i continguts a les xarxes socials es convertiran en informaci\u00f3 p\u00fablica, per la qual cosa els usuaris hauran de tenir especial cautela quan decideixin compartir la seva informaci\u00f3 personal. El RESPONSABLE no es fa responsable de la informaci\u00f3 que els usuaris incorporin a la p\u00e0gina. No obstant aix\u00f2, les persones les dades personals de les quals es trobin publicades o estiguin incloses en comentaris, podran sol\u00b7licitar al RESPONSABLE la cancel\u00b7laci\u00f3 dels mateixos.<\/p>\n<h2>II. AV\u00cdS LEGAL<\/h2>\n<h3>IDENTIFICACI\u00d3<\/h3>\n<p>En compliment amb el deure informaci\u00f3 recollit a l&#8217;article 10 de la Llei 34\/2002, d&#8217;11 de juliol, de Serveis de la Societat de la Informaci\u00f3 i del Comer\u00e7 Electr\u00f2nic, SPIKE, S.L. (SPIKE, S.L.), us informa que les dades aqu\u00ed consignades corresponen a l&#8217;entitat titular del lloc web http:\/\/www.spike.es.<\/p>\n<p><strong>Denominaci\u00f3:<\/strong> SPIKE, S.L.<br \/>\n<strong>Domicili:<\/strong> CL GUTENBERG, 26 LC \u2013 08754 EL PAPIOL (Barcelona)<br \/>\n<strong>Tel\u00e8fon:<\/strong> 936731147<br \/>\n<strong>Email:<\/strong> spike@spike.es<br \/>\n<strong>CIF:<\/strong> B-61930780<br \/>\n<strong>Inscripci\u00f3 registral:<\/strong> Registre mercantil de Barcelona, secci\u00f3 3, tom 9468, llibre 379<\/p>\n<h3>PROPIETAT INTEL\u00b7LECTUAL I INDUSTRIAL<\/h3>\n<p>Tots els drets de propietat industrial i intel\u00b7lectual de la totalitat d&#8217;elements continguts en aquest lloc web, incloses les marques comercials, formats, dissenys gr\u00e0fics, textos, imatges i documents, pertanyen a SPIKE, S.L. i es troben protegits per les lleis espanyoles i internacionals sobre propietat intel\u00b7lectual i industrial. Queda expressament prohibida la reproducci\u00f3 total o parcial d&#8217;aquest lloc web i de qualsevol dels continguts sense el perm\u00eds expr\u00e9s i per escrit de SPIKE, S.L.<br \/>\nL&#8217;acc\u00e9s al lloc web no implica cap tipus de ren\u00fancia, transmissi\u00f3, llic\u00e8ncia o cessi\u00f3 dels drets esmentats per part de SPIKE, S.L., llevat que s&#8217;estableixi expressament el contrari.<\/p>\n<h3>CONDICIONS D&#8217;\u00daS<\/h3>\n<p>L&#8217;acc\u00e9s a aquest lloc web implica l&#8217;acceptaci\u00f3 d&#8217;aquestes condicions d&#8217;\u00fas sense reserves que regulen l&#8217;acc\u00e9s i la utilitzaci\u00f3 per tal de posar a disposici\u00f3 dels usuaris informaci\u00f3 sobre els nostres productes.<br \/>\nEs prohibeix expressament la utilitzaci\u00f3 dels continguts d&#8217;aquest lloc web per utilitzar-los amb fins comercials o per distribuir-los, transformar-los o comunicar-los. SPIKE, S.L., no respondr\u00e0 de cap conseq\u00fc\u00e8ncia, dany o perjudici que poguessin derivar-se d&#8217;aquesta utilitzaci\u00f3 o \u00fas de la informaci\u00f3.<br \/>\nTant l&#8217;acc\u00e9s a aquest web com l&#8217;\u00fas que es pugui fer de la informaci\u00f3 que cont\u00e9 \u00e9s de l&#8217;exclusiva responsabilitat de qui el realitza.<br \/>\nL&#8217;usuari s&#8217;obliga a no utilitzar la informaci\u00f3 que es publica en aquesta Web amb fins o efectes il\u00b7l\u00edcits o lesius, a no fer malb\u00e9 o inutilitzar la informaci\u00f3 ia no realitzar qualsevol altra acci\u00f3 que puguin ser contr\u00e0ria al contingut d&#8217;aquest Av\u00eds Legal.<br \/>\nSPIKE, S.L. no pot assegurar la inexist\u00e8ncia d&#8217;interrupcions o errors en l&#8217;acc\u00e9s a aquest lloc web, encara que posar\u00e0 els seus esfor\u00e7os m\u00e9s grans per evitar-los.<\/p>\n<h3>ENLLA\u00c7OS A ALTRES WEBS<\/h3>\n<p>Els enlla\u00e7os (links) que podeu trobar en aquesta Web s\u00f3n un servei als usuaris. Aquestes p\u00e0gines no s\u00f3n operades ni controlades per SPIKE, S.L., per aix\u00f2 no es fa responsable dels continguts d&#8217;aquests llocs web ni estan cobertes pel present Av\u00eds Legal. Si accediu a aquestes p\u00e0gines web haureu de tenir en compte que les seves pol\u00edtiques de privadesa poden ser diferents de la nostra.<\/p>\n<h3>LEGISLACI\u00d3 APLICABLE I COMPET\u00c8NCIA JURISDICCIONAL<\/h3>\n<p>Aquest Av\u00eds Legal es regeix per la normativa espanyola vigent que li \u00e9s aplicable.<br \/>\nPer a la resoluci\u00f3 de les controv\u00e8rsies que poguessin derivar-se com a conseq\u00fc\u00e8ncia del que disposen aquestes disposicions i sobre la seva interpretaci\u00f3, aplicaci\u00f3 i compliment, l&#8217;usuari, en virtut de l&#8217;acceptaci\u00f3 de les condicions recollides en aquest Av\u00eds legal, renuncia expressament a qualsevol altre fur que li pogu\u00e9s correspondre.<br \/>\nEn qualsevol cas, dins de la jurisdicci\u00f3 espanyola, si la legislaci\u00f3 permet\u00e9s sotmetre&#8217;s a un fur en concret, l&#8217;usuari renuncia expressament al fur que li pogu\u00e9s correspondre i se sotmet volunt\u00e0riament a la jurisdicci\u00f3 dels Jutjats i Tribunals de Barcelona.<\/p>\n<p>[\/vc_column_text][\/vc_column][\/vc_row]<\/p>\n<\/div>","protected":false},"excerpt":{"rendered":"<p>[vc_row][vc_column][vc_column_text] I. POL\u00cdTICA DE PRIVACITAT En compliment del REGLAMENT (UE) 2016\/679 DEL PARLAMENT EUROPEU I DEL CONSELL de 27 d&#8217;abril de 2016, relatiu a la protecci\u00f3 de les persones f\u00edsiques pel que fa al tractament de dades personals ia la lliure circulaci\u00f3 d&#8217;aquestes dades ia la Llei org\u00e0nica 3\/2018, de 5 de desembre, de Protecci\u00f3 [&hellip;]<\/p>\n","protected":false},"author":1,"featured_media":233,"parent":0,"menu_order":0,"comment_status":"closed","ping_status":"closed","template":"","meta":{"_seopress_robots_primary_cat":"","_seopress_titles_title":"","_seopress_titles_desc":"Consulta la pol\u00edtica de privadesa i av\u00eds legal de Spike. Protegim les teves dades i en fem un \u00fas responsable.","_seopress_robots_index":"","footnotes":""},"class_list":["post-265","page","type-page","status-publish","has-post-thumbnail","hentry"],"_links":{"self":[{"href":"https:\/\/spike.es\/ca\/wp-json\/wp\/v2\/pages\/265","targetHints":{"allow":["GET"]}}],"collection":[{"href":"https:\/\/spike.es\/ca\/wp-json\/wp\/v2\/pages"}],"about":[{"href":"https:\/\/spike.es\/ca\/wp-json\/wp\/v2\/types\/page"}],"author":[{"embeddable":true,"href":"https:\/\/spike.es\/ca\/wp-json\/wp\/v2\/users\/1"}],"replies":[{"embeddable":true,"href":"https:\/\/spike.es\/ca\/wp-json\/wp\/v2\/comments?post=265"}],"version-history":[{"count":2,"href":"https:\/\/spike.es\/ca\/wp-json\/wp\/v2\/pages\/265\/revisions"}],"predecessor-version":[{"id":1145,"href":"https:\/\/spike.es\/ca\/wp-json\/wp\/v2\/pages\/265\/revisions\/1145"}],"wp:featuredmedia":[{"embeddable":true,"href":"https:\/\/spike.es\/ca\/wp-json\/wp\/v2\/media\/233"}],"wp:attachment":[{"href":"https:\/\/spike.es\/ca\/wp-json\/wp\/v2\/media?parent=265"}],"curies":[{"name":"wp","href":"https:\/\/api.w.org\/{rel}","templated":true}]}}